{"id":185,"date":"2023-02-27T11:07:12","date_gmt":"2023-02-27T11:07:12","guid":{"rendered":"http:\/\/eu.barbamsladies.com\/product\/eyebrow-elixir\/"},"modified":"2026-03-31T17:33:12","modified_gmt":"2026-03-31T17:33:12","slug":"eyebrow-elixir","status":"publish","type":"product","link":"https:\/\/eu.barbamsladies.com\/sr\/product\/eyebrow-elixir\/","title":{"rendered":"Elixir za obrve"},"content":{"rendered":"","protected":false},"excerpt":{"rendered":"<p>Barbam&#8217;s Elixir za Dame je Elixir za rast novih i ja\u010danje ve\u0107 postoje\u0107ih dla\u010dica na obrvama.<\/p>\n","protected":false},"featured_media":642,"comment_status":"open","ping_status":"closed","template":"","meta":[],"product_cat":[19],"product_tag":[],"acf":[],"_links":{"self":[{"href":"https:\/\/eu.barbamsladies.com\/sr\/wp-json\/wp\/v2\/product\/185"}],"collection":[{"href":"https:\/\/eu.barbamsladies.com\/sr\/wp-json\/wp\/v2\/product"}],"about":[{"href":"https:\/\/eu.barbamsladies.com\/sr\/wp-json\/wp\/v2\/types\/product"}],"replies":[{"embeddable":true,"href":"https:\/\/eu.barbamsladies.com\/sr\/wp-json\/wp\/v2\/comments?post=185"}],"wp:featuredmedia":[{"embeddable":true,"href":"https:\/\/eu.barbamsladies.com\/sr\/wp-json\/wp\/v2\/media\/642"}],"wp:attachment":[{"href":"https:\/\/eu.barbamsladies.com\/sr\/wp-json\/wp\/v2\/media?parent=185"}],"wp:term":[{"taxonomy":"product_cat","embeddable":true,"href":"https:\/\/eu.barbamsladies.com\/sr\/wp-json\/wp\/v2\/product_cat?post=185"},{"taxonomy":"product_tag","embeddable":true,"href":"https:\/\/eu.barbamsladies.com\/sr\/wp-json\/wp\/v2\/product_tag?post=185"}],"curies":[{"name":"wp","href":"https:\/\/api.w.org\/{rel}","templated":true}]}}