{"id":210,"date":"2023-02-27T10:19:31","date_gmt":"2023-02-27T10:19:31","guid":{"rendered":"http:\/\/eu.barbamsladies.com\/privacy-policy\/"},"modified":"2025-01-15T14:50:29","modified_gmt":"2025-01-15T14:50:29","slug":"politika-privatnosti","status":"publish","type":"page","link":"https:\/\/eu.barbamsladies.com\/sr\/politika-privatnosti\/","title":{"rendered":"Politika privatnosti"},"content":{"rendered":"<p>Barbams j.d.o.o. obavezuje se pru\u017eati za\u0161titu osobnim podacima kupaca, na na\u010din da prikuplja samo nu\u017ene, osnovne podatke o kupcima\/ korisnicima koji su nu\u017eni za ispunjenje na\u0161ih obveza; informira kupce o na\u010dinu kori\u0161tenja prikupljenih podataka, redovito daje kupcima mogu\u0107nost izbora o upotrebi njihovih podataka, uklju\u010duju\u0107i mogu\u0107nost odluke \u017eele li ili ne da se njihovo ime ukloni s lista koje se koriste za marketin\u0161ke kampanje. Svi se podaci o korisnicima strogo \u010duvaju i dostupni su samo djelatnicima kojima su ti podaci nu\u017eni za obavljanje posla. Svi djelatnici Barbams j.d.o.o. i poslovni partneri odgovorni su za po\u0161tivanje na\u010dela za\u0161tite privatnosti.<\/p>\n","protected":false},"excerpt":{"rendered":"<p>Barbams j.d.o.o. obavezuje se pru\u017eati za\u0161titu osobnim podacima kupaca, na na\u010din da prikuplja samo nu\u017ene, osnovne podatke o kupcima\/ korisnicima koji su nu\u017eni za ispunjenje na\u0161ih obveza; informira kupce o na\u010dinu kori\u0161tenja prikupljenih podataka, redovito daje kupcima mogu\u0107nost izbora o upotrebi njihovih podataka, uklju\u010duju\u0107i mogu\u0107nost odluke \u017eele li ili ne da se njihovo ime ukloni [&hellip;]<\/p>\n","protected":false},"author":1,"featured_media":0,"parent":0,"menu_order":0,"comment_status":"closed","ping_status":"closed","template":"","meta":{"footnotes":""},"acf":[],"_links":{"self":[{"href":"https:\/\/eu.barbamsladies.com\/sr\/wp-json\/wp\/v2\/pages\/210"}],"collection":[{"href":"https:\/\/eu.barbamsladies.com\/sr\/wp-json\/wp\/v2\/pages"}],"about":[{"href":"https:\/\/eu.barbamsladies.com\/sr\/wp-json\/wp\/v2\/types\/page"}],"author":[{"embeddable":true,"href":"https:\/\/eu.barbamsladies.com\/sr\/wp-json\/wp\/v2\/users\/1"}],"replies":[{"embeddable":true,"href":"https:\/\/eu.barbamsladies.com\/sr\/wp-json\/wp\/v2\/comments?post=210"}],"version-history":[{"count":8,"href":"https:\/\/eu.barbamsladies.com\/sr\/wp-json\/wp\/v2\/pages\/210\/revisions"}],"predecessor-version":[{"id":3914,"href":"https:\/\/eu.barbamsladies.com\/sr\/wp-json\/wp\/v2\/pages\/210\/revisions\/3914"}],"wp:attachment":[{"href":"https:\/\/eu.barbamsladies.com\/sr\/wp-json\/wp\/v2\/media?parent=210"}],"curies":[{"name":"wp","href":"https:\/\/api.w.org\/{rel}","templated":true}]}}